{"id":563,"date":"2021-02-10T18:38:32","date_gmt":"2021-02-10T18:38:32","guid":{"rendered":"http:\/\/capitangrog3.solucionesit.eu\/?page_id=563"},"modified":"2021-04-11T16:13:34","modified_gmt":"2021-04-11T16:13:34","slug":"historia","status":"publish","type":"page","link":"https:\/\/capitangrog.com\/index.php\/historia\/","title":{"rendered":"Historia"},"content":{"rendered":"\n<div class=\"wp-block-group\"><div class=\"wp-block-group__inner-container is-layout-flow wp-block-group-is-layout-flow\">\n<div class=\"wp-block-columns is-layout-flex wp-container-core-columns-is-layout-9d6595d7 wp-block-columns-is-layout-flex\">\n<div class=\"wp-block-column is-layout-flow wp-block-column-is-layout-flow\" style=\"flex-basis:100%\">\n<div class=\"wp-block-group alignwide\"><div class=\"wp-block-group__inner-container is-layout-flow wp-block-group-is-layout-flow\">\n<div class=\"wp-block-columns is-layout-flex wp-container-core-columns-is-layout-9d6595d7 wp-block-columns-is-layout-flex\">\n<div class=\"wp-block-column is-layout-flow wp-block-column-is-layout-flow\" style=\"flex-basis:100%\">\n<div class=\"wp-block-image\"><figure class=\"alignright size-large\"><img loading=\"lazy\" decoding=\"async\" width=\"200\" height=\"325\" src=\"https:\/\/capitangrog.com\/wp-content\/uploads\/2021\/02\/Easyrider-cartel-2.jpg\" alt=\"\" class=\"wp-image-586\" srcset=\"https:\/\/capitangrog.com\/wp-content\/uploads\/2021\/02\/Easyrider-cartel-2.jpg 200w, https:\/\/capitangrog.com\/wp-content\/uploads\/2021\/02\/Easyrider-cartel-2-185x300.jpg 185w\" sizes=\"auto, (max-width: 200px) 100vw, 200px\" \/><\/figure><\/div>\n\n\n\n<div class=\"wp-block-columns is-layout-flex wp-container-core-columns-is-layout-9d6595d7 wp-block-columns-is-layout-flex\">\n<div class=\"wp-block-column is-layout-flow wp-block-column-is-layout-flow\" style=\"flex-basis:100%\">\n<p class=\"has-text-align-left has-white-color has-black-background-color has-text-color has-background\">La historia se remonta a finales del pasado siglo, cuando las motos llevaban platinos y frenos de tambor. Por aquel entonces, el capi, que todav\u00eda ni era capi ni era n\u00e1, se dedicaba a montar en moto \u00e9l solo, porque no ten\u00eda con qui\u00e9n. Lleg\u00f3 el momento, all\u00e1 por 1985, cuando su hermano, el Pollo, y un amigo de \u00e9ste, el Muerto, se hicieron moteros y le acompa\u00f1aron. Pocos a\u00f1os despues, en el pub \u00abEl Chassis\u00bb, conocieron un buen grupo de gente, y a algunos consiguieron reclutarlos tambi\u00e9n para la causa motera. El problema era que protestaban mucho por el fr\u00edo de las concentraciones invernales, y no hab\u00eda manera de que fueran hasta que el capi, que proviene de tierras norte\u00f1as, decidi\u00f3 desempolvar una vieja receta de los marineros del Mar del&nbsp;Norte, (y dicen que tambi\u00e9n de los piratas), el grog. Aquel brebaje, que se compone de ron, agua y az\u00facar, todo ello bien caliente, calent\u00f3 los cuerpos de los sufridos moteros y les levant\u00f3 el \u00e1nimo de tal manera que fue entonces cuando le nombraron capit\u00e1n y ahora est\u00e1n todo el a\u00f1o deseando que lleguen los Ping\u00fcinos.&nbsp;&nbsp;P.D.: Esos rumores que circulan por ah\u00ed de que el capi de peque\u00f1o se cay\u00f3 dentro de la marmita del grog son totalmente infundados y adem\u00e1s, son mentira. Lo que ocurri\u00f3 en realidad es que, cuando ten\u00eda ocho a\u00f1os, jugando con los amigos sobre un lago helado, se le rompi\u00f3 el hielo y donde se cay\u00f3 fue al agua. Sali\u00f3 como pudo y se fue a casa, unos dos kil\u00f3metros andando sobre la nieve con una bota de menos, que se qued\u00f3 en el lago. Al ver el estado en que lleg\u00f3, sus padres enseguida se dieron cuenta de que aquello&nbsp;ten\u00eda una \u00fanica soluci\u00f3n: una buena bronca, un buen grog y a la cama (con una cogorza del 7, aprox.). \u00c9sta es la verdadera historia de lo que ocurri\u00f3 aquel dia y de marmita, nada de nada, asi que el capi, \u00a1\u00a1\u00a1s\u00ed que puede beber grog, caramba!!!&nbsp;&nbsp;<\/p>\n<\/div>\n<\/div>\n\n\n\n<p class=\"has-text-align-center has-white-color has-text-color\">&nbsp;El capi, el siglo pasado. \u00a1Como una cabra!<\/p>\n<\/div>\n<\/div>\n<\/div><\/div>\n<\/div>\n<\/div>\n<\/div><\/div>\n\n\n\n<figure class=\"wp-block-gallery columns-3 is-cropped wp-block-gallery-1 is-layout-flex wp-block-gallery-is-layout-flex\"><ul class=\"blocks-gallery-grid\"><li class=\"blocks-gallery-item\"><figure><img loading=\"lazy\" decoding=\"async\" width=\"238\" height=\"304\" src=\"https:\/\/capitangrog.com\/wp-content\/uploads\/2021\/02\/salto-cobra-2-2.jpg\" alt=\"\" data-id=\"630\" data-full-url=\"https:\/\/capitangrog.com\/wp-content\/uploads\/2021\/02\/salto-cobra-2-2.jpg\" data-link=\"https:\/\/capitangrog.com\/index.php\/historia\/salto-cobra-2-2\/\" class=\"wp-image-630\" srcset=\"https:\/\/capitangrog.com\/wp-content\/uploads\/2021\/02\/salto-cobra-2-2.jpg 238w, https:\/\/capitangrog.com\/wp-content\/uploads\/2021\/02\/salto-cobra-2-2-235x300.jpg 235w\" sizes=\"auto, (max-width: 238px) 100vw, 238px\" \/><\/figure><\/li><li class=\"blocks-gallery-item\"><figure><img loading=\"lazy\" decoding=\"async\" width=\"246\" height=\"309\" src=\"https:\/\/capitangrog.com\/wp-content\/uploads\/2021\/02\/caballito-cota-4.jpg\" alt=\"\" data-id=\"627\" data-full-url=\"https:\/\/capitangrog.com\/wp-content\/uploads\/2021\/02\/caballito-cota-4.jpg\" data-link=\"https:\/\/capitangrog.com\/index.php\/historia\/caballito-cota-4\/\" class=\"wp-image-627\" srcset=\"https:\/\/capitangrog.com\/wp-content\/uploads\/2021\/02\/caballito-cota-4.jpg 246w, https:\/\/capitangrog.com\/wp-content\/uploads\/2021\/02\/caballito-cota-4-239x300.jpg 239w\" sizes=\"auto, (max-width: 246px) 100vw, 246px\" \/><\/figure><\/li><li class=\"blocks-gallery-item\"><figure><img loading=\"lazy\" decoding=\"async\" width=\"276\" height=\"222\" src=\"https:\/\/capitangrog.com\/wp-content\/uploads\/2021\/02\/derrape-3.jpg\" alt=\"\" data-id=\"628\" data-full-url=\"https:\/\/capitangrog.com\/wp-content\/uploads\/2021\/02\/derrape-3.jpg\" data-link=\"https:\/\/capitangrog.com\/index.php\/historia\/derrape-3\/\" class=\"wp-image-628\"\/><\/figure><\/li><li class=\"blocks-gallery-item\"><figure><img loading=\"lazy\" decoding=\"async\" width=\"199\" height=\"283\" src=\"https:\/\/capitangrog.com\/wp-content\/uploads\/2021\/02\/caballito-xt-3.jpg\" alt=\"\" data-id=\"629\" data-full-url=\"https:\/\/capitangrog.com\/wp-content\/uploads\/2021\/02\/caballito-xt-3.jpg\" data-link=\"https:\/\/capitangrog.com\/index.php\/historia\/caballito-xt-3\/\" class=\"wp-image-629\"\/><\/figure><\/li><li class=\"blocks-gallery-item\"><figure><img loading=\"lazy\" decoding=\"async\" width=\"240\" height=\"306\" src=\"https:\/\/capitangrog.com\/wp-content\/uploads\/2021\/02\/salto-cobra-1-3.jpg\" alt=\"\" data-id=\"626\" data-full-url=\"https:\/\/capitangrog.com\/wp-content\/uploads\/2021\/02\/salto-cobra-1-3.jpg\" data-link=\"https:\/\/capitangrog.com\/index.php\/historia\/salto-cobra-1-3\/\" class=\"wp-image-626\" srcset=\"https:\/\/capitangrog.com\/wp-content\/uploads\/2021\/02\/salto-cobra-1-3.jpg 240w, https:\/\/capitangrog.com\/wp-content\/uploads\/2021\/02\/salto-cobra-1-3-235x300.jpg 235w\" sizes=\"auto, (max-width: 240px) 100vw, 240px\" \/><\/figure><\/li><li class=\"blocks-gallery-item\"><figure><img loading=\"lazy\" decoding=\"async\" width=\"247\" height=\"307\" src=\"https:\/\/capitangrog.com\/wp-content\/uploads\/2021\/02\/cuesta-3.jpg\" alt=\"\" data-id=\"631\" data-full-url=\"https:\/\/capitangrog.com\/wp-content\/uploads\/2021\/02\/cuesta-3.jpg\" data-link=\"https:\/\/capitangrog.com\/index.php\/historia\/cuesta-3\/\" class=\"wp-image-631\" srcset=\"https:\/\/capitangrog.com\/wp-content\/uploads\/2021\/02\/cuesta-3.jpg 247w, https:\/\/capitangrog.com\/wp-content\/uploads\/2021\/02\/cuesta-3-241x300.jpg 241w\" sizes=\"auto, (max-width: 247px) 100vw, 247px\" \/><\/figure><\/li><\/ul><\/figure>\n ","protected":false},"excerpt":{"rendered":"<p>La historia se remonta a finales del pasado siglo, cuando las motos llevaban platinos y frenos de tambor. Por aquel<\/p>\n<p><a href=\"https:\/\/capitangrog.com\/index.php\/historia\/\" class=\"more-link\">Continue reading<span class=\"screen-reader-text\">Historia<\/span><\/a><\/p>\n","protected":false},"author":1,"featured_media":0,"parent":0,"menu_order":0,"comment_status":"closed","ping_status":"closed","template":"","meta":{"footnotes":""},"class_list":["post-563","page","type-page","status-publish","hentry"],"_links":{"self":[{"href":"https:\/\/capitangrog.com\/index.php\/wp-json\/wp\/v2\/pages\/563","targetHints":{"allow":["GET"]}}],"collection":[{"href":"https:\/\/capitangrog.com\/index.php\/wp-json\/wp\/v2\/pages"}],"about":[{"href":"https:\/\/capitangrog.com\/index.php\/wp-json\/wp\/v2\/types\/page"}],"author":[{"embeddable":true,"href":"https:\/\/capitangrog.com\/index.php\/wp-json\/wp\/v2\/users\/1"}],"replies":[{"embeddable":true,"href":"https:\/\/capitangrog.com\/index.php\/wp-json\/wp\/v2\/comments?post=563"}],"version-history":[{"count":23,"href":"https:\/\/capitangrog.com\/index.php\/wp-json\/wp\/v2\/pages\/563\/revisions"}],"predecessor-version":[{"id":1144,"href":"https:\/\/capitangrog.com\/index.php\/wp-json\/wp\/v2\/pages\/563\/revisions\/1144"}],"wp:attachment":[{"href":"https:\/\/capitangrog.com\/index.php\/wp-json\/wp\/v2\/media?parent=563"}],"curies":[{"name":"wp","href":"https:\/\/api.w.org\/{rel}","templated":true}]}}