{"id":7,"date":"2016-03-03T03:05:07","date_gmt":"2016-03-03T03:05:07","guid":{"rendered":"http:\/\/localhost\/wordpress\/pixgraphy\/?page_id=4"},"modified":"2021-08-06T17:43:32","modified_gmt":"2021-08-06T17:43:32","slug":"inicio","status":"publish","type":"page","link":"https:\/\/capitangrog.com\/","title":{"rendered":"Inicio"},"content":{"rendered":"\n<h2 class=\"has-text-align-center has-black-background-color has-background wp-block-heading\"><strong>\u00abUn viaje en moto no tiene destino, es un destino en s\u00ed mismo\u00bb<\/strong><\/h2>\n\n\n\n<hr class=\"wp-block-separator\"\/>\n\n\n\n<div class=\"wp-block-columns is-layout-flex wp-container-core-columns-is-layout-9d6595d7 wp-block-columns-is-layout-flex\">\n<div class=\"wp-block-column is-layout-flow wp-block-column-is-layout-flow\">\n<figure class=\"wp-block-image size-large is-resized\"><img loading=\"lazy\" decoding=\"async\" src=\"https:\/\/capitangrog.com\/wp-content\/uploads\/2021\/02\/logo_cgrog.jpg\" alt=\"\" class=\"wp-image-480\" width=\"253\" height=\"392\" srcset=\"https:\/\/capitangrog.com\/wp-content\/uploads\/2021\/02\/logo_cgrog.jpg 221w, https:\/\/capitangrog.com\/wp-content\/uploads\/2021\/02\/logo_cgrog-193x300.jpg 193w\" sizes=\"auto, (max-width: 253px) 100vw, 253px\" \/><\/figure>\n<\/div>\n\n\n\n<div class=\"wp-block-column is-layout-flow wp-block-column-is-layout-flow\">\n<p class=\"has-white-color has-black-background-color has-text-color has-background\" style=\"font-size:19px\">Somos un grupo de moteros que nos gusta salir por las carreteras de monta\u00f1a a disfrutar del paisaje, sin jugar a las carreras, y a comernos alg\u00fan chulet\u00f3n que otro. Tambi\u00e9n de vez en cuando nos vamos de concentraci\u00f3n, as\u00ed, el s\u00e1bado no hay que coger la moto para volver a casa y le podemos dar a la cerveza sin miedo. Solemos quedar para las salidas en Brunete, ya que la mayor\u00eda somos de aqu\u00ed. Tambi\u00e9n tenemos unos cuantos colegas repartidos por M\u00e1laga, pero eso queda un poco lejos para un domingo&#8230; Si te gusta el plan, m\u00e1ndanos un emilio!! <\/p>\n\n\n\n<p class=\"has-white-color has-black-background-color has-text-color has-background\" style=\"font-size:19px\">Capitangrog@hotmail.com<\/p>\n<\/div>\n<\/div>\n\n\n\n<p><\/p>\n ","protected":false},"excerpt":{"rendered":"<p>\u00abUn viaje en moto no tiene destino, es un destino en s\u00ed mismo\u00bb Somos un grupo de moteros que nos<\/p>\n<p><a href=\"https:\/\/capitangrog.com\/\" class=\"more-link\">Continue reading<span class=\"screen-reader-text\">Inicio<\/span><\/a><\/p>\n","protected":false},"author":1,"featured_media":0,"parent":0,"menu_order":0,"comment_status":"closed","ping_status":"closed","template":"","meta":{"footnotes":""},"class_list":["post-7","page","type-page","status-publish","hentry"],"_links":{"self":[{"href":"https:\/\/capitangrog.com\/index.php\/wp-json\/wp\/v2\/pages\/7","targetHints":{"allow":["GET"]}}],"collection":[{"href":"https:\/\/capitangrog.com\/index.php\/wp-json\/wp\/v2\/pages"}],"about":[{"href":"https:\/\/capitangrog.com\/index.php\/wp-json\/wp\/v2\/types\/page"}],"author":[{"embeddable":true,"href":"https:\/\/capitangrog.com\/index.php\/wp-json\/wp\/v2\/users\/1"}],"replies":[{"embeddable":true,"href":"https:\/\/capitangrog.com\/index.php\/wp-json\/wp\/v2\/comments?post=7"}],"version-history":[{"count":22,"href":"https:\/\/capitangrog.com\/index.php\/wp-json\/wp\/v2\/pages\/7\/revisions"}],"predecessor-version":[{"id":1143,"href":"https:\/\/capitangrog.com\/index.php\/wp-json\/wp\/v2\/pages\/7\/revisions\/1143"}],"wp:attachment":[{"href":"https:\/\/capitangrog.com\/index.php\/wp-json\/wp\/v2\/media?parent=7"}],"curies":[{"name":"wp","href":"https:\/\/api.w.org\/{rel}","templated":true}]}}