{"id":930,"date":"2021-02-18T18:35:26","date_gmt":"2021-02-18T18:35:26","guid":{"rendered":"http:\/\/capitangrog3.solucionesit.eu\/?page_id=930"},"modified":"2021-04-10T16:01:36","modified_gmt":"2021-04-10T16:01:36","slug":"930-2","status":"publish","type":"page","link":"https:\/\/capitangrog.com\/index.php\/930-2\/","title":{"rendered":"Gu\u00eda Michelines"},"content":{"rendered":"\n<div class=\"wp-block-media-text alignwide is-stacked-on-mobile\" style=\"grid-template-columns:33% auto\"><figure class=\"wp-block-media-text__media\"><img loading=\"lazy\" decoding=\"async\" width=\"480\" height=\"737\" src=\"https:\/\/capitangrog.com\/wp-content\/uploads\/2021\/02\/Pope-2.jpg\" alt=\"\" class=\"wp-image-946 size-full\" srcset=\"https:\/\/capitangrog.com\/wp-content\/uploads\/2021\/02\/Pope-2.jpg 480w, https:\/\/capitangrog.com\/wp-content\/uploads\/2021\/02\/Pope-2-195x300.jpg 195w\" sizes=\"auto, (max-width: 480px) 100vw, 480px\" \/><\/figure><div class=\"wp-block-media-text__content\">\n<p class=\"has-white-color has-black-background-color has-text-color has-background has-large-font-size\">Este es el Pope, nuestro gourmet.<\/p>\n<\/div><\/div>\n\n\n\n<figure class=\"wp-block-gallery columns-2 is-cropped wp-block-gallery-1 is-layout-flex wp-block-gallery-is-layout-flex\"><ul class=\"blocks-gallery-grid\"><li class=\"blocks-gallery-item\"><figure><img loading=\"lazy\" decoding=\"async\" width=\"640\" height=\"480\" src=\"https:\/\/capitangrog.com\/wp-content\/uploads\/2021\/02\/ensalada-1.jpg\" alt=\"\" data-id=\"937\" data-full-url=\"https:\/\/capitangrog.com\/wp-content\/uploads\/2021\/02\/ensalada-1.jpg\" data-link=\"https:\/\/capitangrog.com\/index.php\/930-2\/ensalada-1\/\" class=\"wp-image-937\" srcset=\"https:\/\/capitangrog.com\/wp-content\/uploads\/2021\/02\/ensalada-1.jpg 640w, https:\/\/capitangrog.com\/wp-content\/uploads\/2021\/02\/ensalada-1-300x225.jpg 300w, https:\/\/capitangrog.com\/wp-content\/uploads\/2021\/02\/ensalada-1-440x330.jpg 440w\" sizes=\"auto, (max-width: 640px) 100vw, 640px\" \/><\/figure><\/li><li class=\"blocks-gallery-item\"><figure><img loading=\"lazy\" decoding=\"async\" width=\"640\" height=\"480\" src=\"https:\/\/capitangrog.com\/wp-content\/uploads\/2021\/02\/fruta.jpg\" alt=\"\" data-id=\"938\" data-full-url=\"https:\/\/capitangrog.com\/wp-content\/uploads\/2021\/02\/fruta.jpg\" data-link=\"https:\/\/capitangrog.com\/index.php\/930-2\/fruta\/\" class=\"wp-image-938\" srcset=\"https:\/\/capitangrog.com\/wp-content\/uploads\/2021\/02\/fruta.jpg 640w, https:\/\/capitangrog.com\/wp-content\/uploads\/2021\/02\/fruta-300x225.jpg 300w, https:\/\/capitangrog.com\/wp-content\/uploads\/2021\/02\/fruta-440x330.jpg 440w\" sizes=\"auto, (max-width: 640px) 100vw, 640px\" \/><\/figure><\/li><\/ul><\/figure>\n\n\n\n<p class=\"has-white-color has-black-background-color has-text-color has-background\" style=\"font-size:21px\">En \u00e9sta p\u00e1gina iremos incluyendo los restaurantes que de verdad nos han gustado, y somos bastante exigentes. Al contrario que en otras gu\u00edas de la competencia, que s\u00f3lo se fijan en la presentaci\u00f3n bonita y mucha pajarita y parafernalia, nosotros valoramos aparte de la calidad, por supuesto, la cantidad, el trato amable del personal y, c\u00f3mo no, el precio.&nbsp;Nuestra teor\u00eda es que seg\u00fan aumenta el precio, aumenta la calidad, hasta llegar a cierto l\u00edmite a partir del cual, empieza a bajar la cantidad&#8230;<\/p>\n\n\n\n<p><\/p>\n\n\n\n<p class=\"has-text-align-center has-white-color has-black-background-color has-text-color has-background\" style=\"font-size:25px\">ZONA NORTE<\/p>\n\n\n\n<ul class=\"has-white-color has-black-background-color has-text-color has-background wp-block-list\"><li>CASA CARMELA, en Merexo, A Coru\u00f1a. Tiene unos mariscos, unos pescados y un licor de hierbas que resucita a los muertos.<\/li><li>MESON LOS ARCOS, en Viveiro, Lugo. Especialidad en churrasco y un men\u00fa superior, y adem\u00e1s econ\u00f3mico.<\/li><li>RESTAURANTE EL ANCLA, en Finisterre, A Coru\u00f1a. Unos men\u00fas estupendos.<\/li><li>CAMPING LAS ARENAS, en Arenas de Cabrales, Asturias. Hacen unas barbacoas y ponen un queso&#8230;&nbsp;&nbsp;\u00a1de cabrales, claro!<\/li><li>CAMPING DE ANZANIGO, en Anz\u00e1nigo (d\u00f3nde si no), Huesca. Famoso por sus almuerzos de huevos fritos con longaniza. \u00a1Fuera de lo normal!<\/li><\/ul>\n\n\n\n<p class=\"has-text-align-center has-white-color has-black-background-color has-text-color has-background\" style=\"font-size:25px\">ZONA CENTRO<\/p>\n\n\n\n<ul class=\"has-white-color has-black-background-color has-text-color has-background wp-block-list\"><li>EL GAVILAN, en Gavilanes, Avila. Uno de nuestros favoritos. Su especialidad es el chulet\u00f3n, que est\u00e1 que quita el sentido, pero pidas lo que pidas, todo est\u00e1 bueno y los postres son de alta cocina.<\/li><li>COSTIMAR, en Villanueva de la Ca\u00f1ada, Madrid. Especialidad en mariscos y costillas, todo riqu\u00edsimo.<\/li><li>POSADA ALBAREA, en Candeleda, Avila. Tiene unos men\u00fas de fin de semana de comida casera t\u00edpica de la zona para chuparse los dedos.<\/li><\/ul>\n\n\n\n<p class=\"has-text-align-center has-white-color has-black-background-color has-text-color has-background\" style=\"font-size:25px\">ZONA SUR<\/p>\n\n\n\n<ul class=\"has-white-color has-black-background-color has-text-color has-background wp-block-list\"><li>EL GALEON, en el Puerto de Santa Mar\u00eda, Cadiz. Unos pescaditos y una carne buen\u00edsimos, y tratan muy bien a los moteros.<\/li><li>OLD EL PASO, en Estepona, M\u00e1laga. Comida mexicana rica, rica, rica&#8230;<\/li><li>CASA MATILDE, en Benajarafe, M\u00e1laga. De todo, y todo bueno. Con vistas a la playa y todo.<\/li><li>RESTAURANTE LAS CA\u00d1AS, en Benahavis, M\u00e1laga. Rabo de toro, carnes a la pimienta y un largo etc. Muy bien de precio para lo bien que se come.<\/li><\/ul>\n\n\n\n<p><\/p>\n ","protected":false},"excerpt":{"rendered":"<p>Este es el Pope, nuestro gourmet. En \u00e9sta p\u00e1gina iremos incluyendo los restaurantes que de verdad nos han gustado, y<\/p>\n<p><a href=\"https:\/\/capitangrog.com\/index.php\/930-2\/\" class=\"more-link\">Continue reading<span class=\"screen-reader-text\">Gu\u00eda Michelines<\/span><\/a><\/p>\n","protected":false},"author":1,"featured_media":0,"parent":0,"menu_order":0,"comment_status":"closed","ping_status":"closed","template":"","meta":{"footnotes":""},"class_list":["post-930","page","type-page","status-publish","hentry"],"_links":{"self":[{"href":"https:\/\/capitangrog.com\/index.php\/wp-json\/wp\/v2\/pages\/930","targetHints":{"allow":["GET"]}}],"collection":[{"href":"https:\/\/capitangrog.com\/index.php\/wp-json\/wp\/v2\/pages"}],"about":[{"href":"https:\/\/capitangrog.com\/index.php\/wp-json\/wp\/v2\/types\/page"}],"author":[{"embeddable":true,"href":"https:\/\/capitangrog.com\/index.php\/wp-json\/wp\/v2\/users\/1"}],"replies":[{"embeddable":true,"href":"https:\/\/capitangrog.com\/index.php\/wp-json\/wp\/v2\/comments?post=930"}],"version-history":[{"count":11,"href":"https:\/\/capitangrog.com\/index.php\/wp-json\/wp\/v2\/pages\/930\/revisions"}],"predecessor-version":[{"id":1118,"href":"https:\/\/capitangrog.com\/index.php\/wp-json\/wp\/v2\/pages\/930\/revisions\/1118"}],"wp:attachment":[{"href":"https:\/\/capitangrog.com\/index.php\/wp-json\/wp\/v2\/media?parent=930"}],"curies":[{"name":"wp","href":"https:\/\/api.w.org\/{rel}","templated":true}]}}